{"id":11480,"date":"2020-05-06T18:12:36","date_gmt":"2020-05-06T22:12:36","guid":{"rendered":"https:\/\/www.cosprc.ca\/?page_id=11480"},"modified":"2020-05-07T10:56:39","modified_gmt":"2020-05-07T14:56:39","slug":"ressources-destinees-aux-etudiants-en-medecine","status":"publish","type":"page","link":"https:\/\/www.cosprc.ca\/fr\/ressources-destinees-aux-etudiants-en-medecine\/","title":{"rendered":"Ressources destin\u00e9es aux \u00e9tudiants en m\u00e9decine"},"content":{"rendered":"","protected":false},"excerpt":{"rendered":"","protected":false},"author":10,"featured_media":0,"parent":0,"menu_order":20,"comment_status":"closed","ping_status":"closed","template":"","meta":{"_acf_changed":false,"footnotes":""},"class_list":["post-11480","page","type-page","status-publish","hentry"],"acf":[],"yoast_head":"<!-- This site is optimized with the Yoast SEO plugin v27.4 - https:\/\/yoast.com\/product\/yoast-seo-wordpress\/ -->\n<title>Ressources destin\u00e9es aux \u00e9tudiants en m\u00e9decine - Practice Resource Centre<\/title>\n<meta name=\"robots\" content=\"index, follow, max-snippet:-1, max-image-preview:large, max-video-preview:-1\" \/>\n<link rel=\"canonical\" href=\"https:\/\/www.cosprc.ca\/fr\/ressources-destinees-aux-etudiants-en-medecine\/\" \/>\n<meta property=\"og:locale\" content=\"fr_FR\" \/>\n<meta property=\"og:type\" content=\"article\" \/>\n<meta property=\"og:title\" content=\"Ressources destin\u00e9es aux \u00e9tudiants en m\u00e9decine - Practice Resource Centre\" \/>\n<meta property=\"og:url\" content=\"https:\/\/www.cosprc.ca\/fr\/ressources-destinees-aux-etudiants-en-medecine\/\" \/>\n<meta property=\"og:site_name\" content=\"Practice Resource Centre\" \/>\n<meta property=\"article:modified_time\" content=\"2020-05-07T14:56:39+00:00\" \/>\n<meta name=\"twitter:card\" content=\"summary_large_image\" \/>\n<script type=\"application\/ld+json\" class=\"yoast-schema-graph\">{\"@context\":\"https:\\\/\\\/schema.org\",\"@graph\":[{\"@type\":\"WebPage\",\"@id\":\"https:\\\/\\\/www.cosprc.ca\\\/fr\\\/ressources-destinees-aux-etudiants-en-medecine\\\/\",\"url\":\"https:\\\/\\\/www.cosprc.ca\\\/fr\\\/ressources-destinees-aux-etudiants-en-medecine\\\/\",\"name\":\"Ressources destin\u00e9es aux \u00e9tudiants en m\u00e9decine - Practice Resource Centre\",\"isPartOf\":{\"@id\":\"https:\\\/\\\/www.cosprc.ca\\\/#website\"},\"datePublished\":\"2020-05-06T22:12:36+00:00\",\"dateModified\":\"2020-05-07T14:56:39+00:00\",\"breadcrumb\":{\"@id\":\"https:\\\/\\\/www.cosprc.ca\\\/fr\\\/ressources-destinees-aux-etudiants-en-medecine\\\/#breadcrumb\"},\"inLanguage\":\"fr-FR\",\"potentialAction\":[{\"@type\":\"ReadAction\",\"target\":[\"https:\\\/\\\/www.cosprc.ca\\\/fr\\\/ressources-destinees-aux-etudiants-en-medecine\\\/\"]}]},{\"@type\":\"BreadcrumbList\",\"@id\":\"https:\\\/\\\/www.cosprc.ca\\\/fr\\\/ressources-destinees-aux-etudiants-en-medecine\\\/#breadcrumb\",\"itemListElement\":[{\"@type\":\"ListItem\",\"position\":1,\"name\":\"Home\",\"item\":\"https:\\\/\\\/www.cosprc.ca\\\/fr\\\/\"},{\"@type\":\"ListItem\",\"position\":2,\"name\":\"Ressources destin\u00e9es aux \u00e9tudiants en m\u00e9decine\"}]},{\"@type\":\"WebSite\",\"@id\":\"https:\\\/\\\/www.cosprc.ca\\\/#website\",\"url\":\"https:\\\/\\\/www.cosprc.ca\\\/\",\"name\":\"Practice Resource Centre\",\"description\":\"\",\"potentialAction\":[{\"@type\":\"SearchAction\",\"target\":{\"@type\":\"EntryPoint\",\"urlTemplate\":\"https:\\\/\\\/www.cosprc.ca\\\/?s={search_term_string}\"},\"query-input\":{\"@type\":\"PropertyValueSpecification\",\"valueRequired\":true,\"valueName\":\"search_term_string\"}}],\"inLanguage\":\"fr-FR\"}]}<\/script>\n<!-- \/ Yoast SEO plugin. -->","yoast_head_json":{"title":"Ressources destin\u00e9es aux \u00e9tudiants en m\u00e9decine - Practice Resource Centre","robots":{"index":"index","follow":"follow","max-snippet":"max-snippet:-1","max-image-preview":"max-image-preview:large","max-video-preview":"max-video-preview:-1"},"canonical":"https:\/\/www.cosprc.ca\/fr\/ressources-destinees-aux-etudiants-en-medecine\/","og_locale":"fr_FR","og_type":"article","og_title":"Ressources destin\u00e9es aux \u00e9tudiants en m\u00e9decine - Practice Resource Centre","og_url":"https:\/\/www.cosprc.ca\/fr\/ressources-destinees-aux-etudiants-en-medecine\/","og_site_name":"Practice Resource Centre","article_modified_time":"2020-05-07T14:56:39+00:00","twitter_card":"summary_large_image","schema":{"@context":"https:\/\/schema.org","@graph":[{"@type":"WebPage","@id":"https:\/\/www.cosprc.ca\/fr\/ressources-destinees-aux-etudiants-en-medecine\/","url":"https:\/\/www.cosprc.ca\/fr\/ressources-destinees-aux-etudiants-en-medecine\/","name":"Ressources destin\u00e9es aux \u00e9tudiants en m\u00e9decine - Practice Resource Centre","isPartOf":{"@id":"https:\/\/www.cosprc.ca\/#website"},"datePublished":"2020-05-06T22:12:36+00:00","dateModified":"2020-05-07T14:56:39+00:00","breadcrumb":{"@id":"https:\/\/www.cosprc.ca\/fr\/ressources-destinees-aux-etudiants-en-medecine\/#breadcrumb"},"inLanguage":"fr-FR","potentialAction":[{"@type":"ReadAction","target":["https:\/\/www.cosprc.ca\/fr\/ressources-destinees-aux-etudiants-en-medecine\/"]}]},{"@type":"BreadcrumbList","@id":"https:\/\/www.cosprc.ca\/fr\/ressources-destinees-aux-etudiants-en-medecine\/#breadcrumb","itemListElement":[{"@type":"ListItem","position":1,"name":"Home","item":"https:\/\/www.cosprc.ca\/fr\/"},{"@type":"ListItem","position":2,"name":"Ressources destin\u00e9es aux \u00e9tudiants en m\u00e9decine"}]},{"@type":"WebSite","@id":"https:\/\/www.cosprc.ca\/#website","url":"https:\/\/www.cosprc.ca\/","name":"Practice Resource Centre","description":"","potentialAction":[{"@type":"SearchAction","target":{"@type":"EntryPoint","urlTemplate":"https:\/\/www.cosprc.ca\/?s={search_term_string}"},"query-input":{"@type":"PropertyValueSpecification","valueRequired":true,"valueName":"search_term_string"}}],"inLanguage":"fr-FR"}]}},"publishpress_future_action":{"enabled":false,"date":"2026-04-24 03:31:23","action":"change-status","newStatus":"draft","terms":[],"taxonomy":"translation_priority","extraData":[]},"publishpress_future_workflow_manual_trigger":{"enabledWorkflows":[]},"_links":{"self":[{"href":"https:\/\/www.cosprc.ca\/fr\/wp-json\/wp\/v2\/pages\/11480","targetHints":{"allow":["GET"]}}],"collection":[{"href":"https:\/\/www.cosprc.ca\/fr\/wp-json\/wp\/v2\/pages"}],"about":[{"href":"https:\/\/www.cosprc.ca\/fr\/wp-json\/wp\/v2\/types\/page"}],"author":[{"embeddable":true,"href":"https:\/\/www.cosprc.ca\/fr\/wp-json\/wp\/v2\/users\/10"}],"replies":[{"embeddable":true,"href":"https:\/\/www.cosprc.ca\/fr\/wp-json\/wp\/v2\/comments?post=11480"}],"version-history":[{"count":2,"href":"https:\/\/www.cosprc.ca\/fr\/wp-json\/wp\/v2\/pages\/11480\/revisions"}],"predecessor-version":[{"id":11482,"href":"https:\/\/www.cosprc.ca\/fr\/wp-json\/wp\/v2\/pages\/11480\/revisions\/11482"}],"wp:attachment":[{"href":"https:\/\/www.cosprc.ca\/fr\/wp-json\/wp\/v2\/media?parent=11480"}],"curies":[{"name":"wp","href":"https:\/\/api.w.org\/{rel}","templated":true}]}}