{"id":18392,"date":"2021-05-31T09:54:06","date_gmt":"2021-05-31T13:54:06","guid":{"rendered":"https:\/\/prc.machinedev.ca\/contact-us\/"},"modified":"2023-01-30T09:31:01","modified_gmt":"2023-01-30T14:31:01","slug":"contact-us","status":"publish","type":"page","link":"https:\/\/www.cosprc.ca\/fr\/contact-us\/","title":{"rendered":"Contactez-nous"},"content":{"rendered":"\n<section class=\"section section--impact page-impact alignfull\">\n  <div class=\"impact-overlay\"><\/div>\n  <div class=\"parallax-bg\" style=\"background-image: url(https:\/\/www.cosprc.ca\/wp-content\/uploads\/2021\/06\/Phone-3-Contact-us-.jpg); background-size: cover; background-position: center center;\"><\/div>\n  <div class=\"grid-container fade-up-and-in\">\n    <div class=\"grid-x\">\n      <div class=\"cell text-center\">\n                  <h1>Contactez-nous<\/h1>\n                      <\/div>\n    <\/div>\n  <\/div>\n<\/section>\n\n\n\n<p class=\"has-medium-font-size\">Vous souhaitez nous contacter ? Nous aimerions avoir de vos nouvelles. Voici comment vous pouvez nous joindre\u2026<\/p>\n\n\n\n<div class=\"wp-block-columns is-layout-flex wp-container-core-columns-is-layout-9d6595d7 wp-block-columns-is-layout-flex\">\n<div class=\"wp-block-column is-layout-flow wp-block-column-is-layout-flow\">\n<p>Barbara Moore, Coordonnatrice, D\u00e9veloppement professionnel continu, Centre de ressources sur la pratique , Soci\u00e9t\u00e9 canadienne d\u2019ophtalmologie<\/p>\n\n\n\n<p><\/p>\n<\/div>\n\n\n\n<div class=\"wp-block-column is-layout-flow wp-block-column-is-layout-flow\">\n<p><strong>Addresse:<\/strong> 309-1505 Laperriere Ave. ,Ottawa, ON K1Z 7T1<\/p>\n\n\n\n<p><strong>T\u00e9l\u00e9phone:<\/strong> 613.729.6779 x229 | <strong>Fax:<\/strong> 613-729-7209<\/p>\n\n\n\n<p><strong>Courriel: <\/strong>prc@cos-sco.ca<\/p>\n<\/div>\n<\/div>\n\n\n\n<p class=\"has-medium-font-size\"><\/p>\n\n\n\n<p class=\"has-medium-font-size\"><\/p>\n","protected":false},"excerpt":{"rendered":"<p>Vous souhaitez nous contacter ? Nous aimerions avoir de vos nouvelles. Voici comment vous pouvez nous joindre\u2026 Barbara Moore, Coordonnatrice, D\u00e9veloppement professionnel continu, Centre de ressources sur la pratique , Soci\u00e9t\u00e9 canadienne d\u2019ophtalmologie Addresse: 309-1505 Laperriere Ave. ,Ottawa, ON K1Z 7T1 T\u00e9l\u00e9phone: 613.729.6779 x229 | Fax: 613-729-7209 Courriel: prc@cos-sco.ca<\/p>\n","protected":false},"author":10,"featured_media":0,"parent":0,"menu_order":0,"comment_status":"closed","ping_status":"closed","template":"","meta":{"_acf_changed":false,"footnotes":""},"class_list":["post-18392","page","type-page","status-publish","hentry"],"acf":[],"yoast_head":"<!-- This site is optimized with the Yoast SEO plugin v27.3 - https:\/\/yoast.com\/product\/yoast-seo-wordpress\/ -->\n<title>Contactez-nous - Practice Resource Centre<\/title>\n<meta name=\"robots\" content=\"index, follow, max-snippet:-1, max-image-preview:large, max-video-preview:-1\" \/>\n<link rel=\"canonical\" href=\"https:\/\/www.cosprc.ca\/fr\/contact-us\/\" \/>\n<meta property=\"og:locale\" content=\"fr_FR\" \/>\n<meta property=\"og:type\" content=\"article\" \/>\n<meta property=\"og:title\" content=\"Contactez-nous - Practice Resource Centre\" \/>\n<meta property=\"og:description\" content=\"Vous souhaitez nous contacter ? Nous aimerions avoir de vos nouvelles. Voici comment vous pouvez nous joindre\u2026 Barbara Moore, Coordonnatrice, D\u00e9veloppement professionnel continu, Centre de ressources sur la pratique , Soci\u00e9t\u00e9 canadienne d\u2019ophtalmologie Addresse: 309-1505 Laperriere Ave. ,Ottawa, ON K1Z 7T1 T\u00e9l\u00e9phone: 613.729.6779 x229 | Fax: 613-729-7209 Courriel: prc@cos-sco.ca\" \/>\n<meta property=\"og:url\" content=\"https:\/\/www.cosprc.ca\/fr\/contact-us\/\" \/>\n<meta property=\"og:site_name\" content=\"Practice Resource Centre\" \/>\n<meta property=\"article:modified_time\" content=\"2023-01-30T14:31:01+00:00\" \/>\n<meta name=\"twitter:card\" content=\"summary_large_image\" \/>\n<meta name=\"twitter:label1\" content=\"Dur\u00e9e de lecture estim\u00e9e\" \/>\n\t<meta name=\"twitter:data1\" content=\"1 minute\" \/>\n<script type=\"application\/ld+json\" class=\"yoast-schema-graph\">{\"@context\":\"https:\\\/\\\/schema.org\",\"@graph\":[{\"@type\":\"WebPage\",\"@id\":\"https:\\\/\\\/www.cosprc.ca\\\/fr\\\/contact-us\\\/\",\"url\":\"https:\\\/\\\/www.cosprc.ca\\\/fr\\\/contact-us\\\/\",\"name\":\"Contactez-nous - Practice Resource Centre\",\"isPartOf\":{\"@id\":\"https:\\\/\\\/www.cosprc.ca\\\/#website\"},\"datePublished\":\"2021-05-31T13:54:06+00:00\",\"dateModified\":\"2023-01-30T14:31:01+00:00\",\"breadcrumb\":{\"@id\":\"https:\\\/\\\/www.cosprc.ca\\\/fr\\\/contact-us\\\/#breadcrumb\"},\"inLanguage\":\"fr-FR\",\"potentialAction\":[{\"@type\":\"ReadAction\",\"target\":[\"https:\\\/\\\/www.cosprc.ca\\\/fr\\\/contact-us\\\/\"]}]},{\"@type\":\"BreadcrumbList\",\"@id\":\"https:\\\/\\\/www.cosprc.ca\\\/fr\\\/contact-us\\\/#breadcrumb\",\"itemListElement\":[{\"@type\":\"ListItem\",\"position\":1,\"name\":\"Home\",\"item\":\"https:\\\/\\\/www.cosprc.ca\\\/fr\\\/\"},{\"@type\":\"ListItem\",\"position\":2,\"name\":\"Contactez-nous\"}]},{\"@type\":\"WebSite\",\"@id\":\"https:\\\/\\\/www.cosprc.ca\\\/#website\",\"url\":\"https:\\\/\\\/www.cosprc.ca\\\/\",\"name\":\"Practice Resource Centre\",\"description\":\"\",\"potentialAction\":[{\"@type\":\"SearchAction\",\"target\":{\"@type\":\"EntryPoint\",\"urlTemplate\":\"https:\\\/\\\/www.cosprc.ca\\\/?s={search_term_string}\"},\"query-input\":{\"@type\":\"PropertyValueSpecification\",\"valueRequired\":true,\"valueName\":\"search_term_string\"}}],\"inLanguage\":\"fr-FR\"}]}<\/script>\n<!-- \/ Yoast SEO plugin. -->","yoast_head_json":{"title":"Contactez-nous - Practice Resource Centre","robots":{"index":"index","follow":"follow","max-snippet":"max-snippet:-1","max-image-preview":"max-image-preview:large","max-video-preview":"max-video-preview:-1"},"canonical":"https:\/\/www.cosprc.ca\/fr\/contact-us\/","og_locale":"fr_FR","og_type":"article","og_title":"Contactez-nous - Practice Resource Centre","og_description":"Vous souhaitez nous contacter ? Nous aimerions avoir de vos nouvelles. Voici comment vous pouvez nous joindre\u2026 Barbara Moore, Coordonnatrice, D\u00e9veloppement professionnel continu, Centre de ressources sur la pratique , Soci\u00e9t\u00e9 canadienne d\u2019ophtalmologie Addresse: 309-1505 Laperriere Ave. ,Ottawa, ON K1Z 7T1 T\u00e9l\u00e9phone: 613.729.6779 x229 | Fax: 613-729-7209 Courriel: prc@cos-sco.ca","og_url":"https:\/\/www.cosprc.ca\/fr\/contact-us\/","og_site_name":"Practice Resource Centre","article_modified_time":"2023-01-30T14:31:01+00:00","twitter_card":"summary_large_image","twitter_misc":{"Dur\u00e9e de lecture estim\u00e9e":"1 minute"},"schema":{"@context":"https:\/\/schema.org","@graph":[{"@type":"WebPage","@id":"https:\/\/www.cosprc.ca\/fr\/contact-us\/","url":"https:\/\/www.cosprc.ca\/fr\/contact-us\/","name":"Contactez-nous - Practice Resource Centre","isPartOf":{"@id":"https:\/\/www.cosprc.ca\/#website"},"datePublished":"2021-05-31T13:54:06+00:00","dateModified":"2023-01-30T14:31:01+00:00","breadcrumb":{"@id":"https:\/\/www.cosprc.ca\/fr\/contact-us\/#breadcrumb"},"inLanguage":"fr-FR","potentialAction":[{"@type":"ReadAction","target":["https:\/\/www.cosprc.ca\/fr\/contact-us\/"]}]},{"@type":"BreadcrumbList","@id":"https:\/\/www.cosprc.ca\/fr\/contact-us\/#breadcrumb","itemListElement":[{"@type":"ListItem","position":1,"name":"Home","item":"https:\/\/www.cosprc.ca\/fr\/"},{"@type":"ListItem","position":2,"name":"Contactez-nous"}]},{"@type":"WebSite","@id":"https:\/\/www.cosprc.ca\/#website","url":"https:\/\/www.cosprc.ca\/","name":"Practice Resource Centre","description":"","potentialAction":[{"@type":"SearchAction","target":{"@type":"EntryPoint","urlTemplate":"https:\/\/www.cosprc.ca\/?s={search_term_string}"},"query-input":{"@type":"PropertyValueSpecification","valueRequired":true,"valueName":"search_term_string"}}],"inLanguage":"fr-FR"}]}},"publishpress_future_action":{"enabled":false,"date":"2026-04-19 16:56:33","action":"change-status","newStatus":"draft","terms":[],"taxonomy":"translation_priority","extraData":[]},"publishpress_future_workflow_manual_trigger":{"enabledWorkflows":[]},"_links":{"self":[{"href":"https:\/\/www.cosprc.ca\/fr\/wp-json\/wp\/v2\/pages\/18392","targetHints":{"allow":["GET"]}}],"collection":[{"href":"https:\/\/www.cosprc.ca\/fr\/wp-json\/wp\/v2\/pages"}],"about":[{"href":"https:\/\/www.cosprc.ca\/fr\/wp-json\/wp\/v2\/types\/page"}],"author":[{"embeddable":true,"href":"https:\/\/www.cosprc.ca\/fr\/wp-json\/wp\/v2\/users\/10"}],"replies":[{"embeddable":true,"href":"https:\/\/www.cosprc.ca\/fr\/wp-json\/wp\/v2\/comments?post=18392"}],"version-history":[{"count":3,"href":"https:\/\/www.cosprc.ca\/fr\/wp-json\/wp\/v2\/pages\/18392\/revisions"}],"predecessor-version":[{"id":27733,"href":"https:\/\/www.cosprc.ca\/fr\/wp-json\/wp\/v2\/pages\/18392\/revisions\/27733"}],"wp:attachment":[{"href":"https:\/\/www.cosprc.ca\/fr\/wp-json\/wp\/v2\/media?parent=18392"}],"curies":[{"name":"wp","href":"https:\/\/api.w.org\/{rel}","templated":true}]}}